{"id":1127,"date":"2025-07-24T21:52:46","date_gmt":"2025-07-24T19:52:46","guid":{"rendered":"http:\/\/20.56.168.221\/thank-you\/"},"modified":"2025-10-18T23:17:10","modified_gmt":"2025-10-18T21:17:10","slug":"thank-you-2","status":"publish","type":"page","link":"https:\/\/atmarrakech.com\/en\/thank-you-2\/","title":{"rendered":"Thank you"},"content":{"rendered":"<p>&nbsp;<\/p>\n<div class=\"bpa-front-thankyou-module-container\">\n<div class=\"bpa-front-tmc__head\">\n<div class=\"bpa-front-tmc__booking-id\">\n<div class=\"bpa-front-bi__label\" aria-label=\"Reservation ID\">Booking ID: <span class=\"bpa-front-bi__val\"><\/span><\/div>\n<\/div>\n<div class=\"bpa-front-tmc__title\" aria-label=\"Your appointment was a success!\">Your booking has been successfully confirmed!<\/div>\n<p aria-label=\"We have sent your booking information to your e-mail address.\">We have sent your booking information to your e-mail address.<\/p>\n<\/div>\n<div class=\"bpa-front-tmc__summary-content\">\n<div class=\"bpa-front-tmc__sc-item\">\n<div class=\"bpa-front-sc-item__label\" aria-label=\"Service\">Service:<\/div>\n<div class=\"bpa-front-sc-item__val\"><div class=\"bookingpress_service_shortcode_container\"><\/div><\/div>\n<\/div>\n<div class=\"bpa-front-tmc__sc-item\">\n<div class=\"bpa-front-sc-item__label\" aria-label=\"Date and time\">Date and time :<\/div>\n<div class=\"bpa-front-sc-item__val\"><div class=\"bookinpress-datetime-container\"><\/div><\/div>\n<\/div>\n<div class=\"bpa-front-tmc__sc-item\">\n<div class=\"bpa-front-sc-item__label\" aria-label=\"Customer name\">Customer name :<\/div>\n<div class=\"bpa-front-sc-item__val\"><div class='bookingpress-appointment-customer-container'><\/div><\/div>\n<\/div>\n<\/div>\n<\/div>","protected":false},"excerpt":{"rendered":"<p>&nbsp; ID de r\u00e9servation: Votre r\u00e9servation est confirm\u00e9e avec succ\u00e8s ! Nous avons envoy\u00e9 vos informations de r\u00e9servation \u00e0 votre adresse e-mail. Service : Date et heure\u00a0: Nom du client\u00a0:<\/p>","protected":false},"author":1,"featured_media":0,"parent":0,"menu_order":0,"comment_status":"closed","ping_status":"closed","template":"","meta":{"_acf_changed":false,"footnotes":""},"class_list":["post-1127","page","type-page","status-publish"],"acf":[],"jetpack_sharing_enabled":true,"_links":{"self":[{"href":"https:\/\/atmarrakech.com\/en\/wp-json\/wp\/v2\/pages\/1127","targetHints":{"allow":["GET"]}}],"collection":[{"href":"https:\/\/atmarrakech.com\/en\/wp-json\/wp\/v2\/pages"}],"about":[{"href":"https:\/\/atmarrakech.com\/en\/wp-json\/wp\/v2\/types\/page"}],"author":[{"embeddable":true,"href":"https:\/\/atmarrakech.com\/en\/wp-json\/wp\/v2\/users\/1"}],"replies":[{"embeddable":true,"href":"https:\/\/atmarrakech.com\/en\/wp-json\/wp\/v2\/comments?post=1127"}],"version-history":[{"count":3,"href":"https:\/\/atmarrakech.com\/en\/wp-json\/wp\/v2\/pages\/1127\/revisions"}],"predecessor-version":[{"id":2594,"href":"https:\/\/atmarrakech.com\/en\/wp-json\/wp\/v2\/pages\/1127\/revisions\/2594"}],"wp:attachment":[{"href":"https:\/\/atmarrakech.com\/en\/wp-json\/wp\/v2\/media?parent=1127"}],"curies":[{"name":"wp","href":"https:\/\/api.w.org\/{rel}","templated":true}]}}