{"id":1129,"date":"2025-07-24T21:52:46","date_gmt":"2025-07-24T19:52:46","guid":{"rendered":"http:\/\/20.56.168.221\/cancel-payment\/"},"modified":"2025-10-18T00:10:23","modified_gmt":"2025-10-17T22:10:23","slug":"cancel-payment-2","status":"publish","type":"page","link":"https:\/\/atmarrakech.com\/en\/cancel-payment-2\/","title":{"rendered":"Annuler le paiement"},"content":{"rendered":"<p>&nbsp;<\/p>\n<div class=\"bpa-front-data-empty-view __bpa-is-guest-view\">\n<h4>D\u00e9sol\u00e9 Quelque chose s\u2019est mal pass\u00e9. Votre paiement a \u00e9t\u00e9 \u00e9chou\u00e9.<\/h4>\n<\/div>","protected":false},"excerpt":{"rendered":"<p>&nbsp; D\u00e9sol\u00e9 Quelque chose s\u2019est mal pass\u00e9. Votre paiement a \u00e9t\u00e9 \u00e9chou\u00e9.<\/p>","protected":false},"author":1,"featured_media":0,"parent":0,"menu_order":0,"comment_status":"closed","ping_status":"closed","template":"","meta":{"_acf_changed":false,"footnotes":""},"class_list":["post-1129","page","type-page","status-publish"],"acf":[],"jetpack_sharing_enabled":true,"_links":{"self":[{"href":"https:\/\/atmarrakech.com\/en\/wp-json\/wp\/v2\/pages\/1129","targetHints":{"allow":["GET"]}}],"collection":[{"href":"https:\/\/atmarrakech.com\/en\/wp-json\/wp\/v2\/pages"}],"about":[{"href":"https:\/\/atmarrakech.com\/en\/wp-json\/wp\/v2\/types\/page"}],"author":[{"embeddable":true,"href":"https:\/\/atmarrakech.com\/en\/wp-json\/wp\/v2\/users\/1"}],"replies":[{"embeddable":true,"href":"https:\/\/atmarrakech.com\/en\/wp-json\/wp\/v2\/comments?post=1129"}],"version-history":[{"count":2,"href":"https:\/\/atmarrakech.com\/en\/wp-json\/wp\/v2\/pages\/1129\/revisions"}],"predecessor-version":[{"id":2583,"href":"https:\/\/atmarrakech.com\/en\/wp-json\/wp\/v2\/pages\/1129\/revisions\/2583"}],"wp:attachment":[{"href":"https:\/\/atmarrakech.com\/en\/wp-json\/wp\/v2\/media?parent=1129"}],"curies":[{"name":"wp","href":"https:\/\/api.w.org\/{rel}","templated":true}]}}