{"id":579,"date":"2025-07-04T15:54:54","date_gmt":"2025-07-04T13:54:54","guid":{"rendered":"http:\/\/20.56.168.221\/cancel-appointment\/"},"modified":"2025-10-18T00:11:20","modified_gmt":"2025-10-17T22:11:20","slug":"cancel-appointment-2","status":"publish","type":"page","link":"https:\/\/atmarrakech.com\/en\/cancel-appointment-2\/","title":{"rendered":"Appointment canceled"},"content":{"rendered":"<div class=\"bpa-front-cancel-module-container\">\n<div class=\"bpa-front-cmc__title\" aria-label=\"Sorry to hear that you have requested for cancel the appointment.\">Nous sommes d\u00e9sol\u00e9s d&rsquo;apprendre que vous avez demand\u00e9 l&rsquo;annulation de votre r\u00e9servation.<br \/>\nNous vous avons envoy\u00e9 un e-mail de notification pour l&rsquo;annulation de la r\u00e9sa.<\/div>\n<\/div>","protected":false},"excerpt":{"rendered":"<p>Nous sommes d\u00e9sol\u00e9s d&rsquo;apprendre que vous avez demand\u00e9 l&rsquo;annulation de votre r\u00e9servation. Nous vous avons envoy\u00e9 un e-mail de notification pour l&rsquo;annulation de la r\u00e9sa.<\/p>","protected":false},"author":1,"featured_media":0,"parent":0,"menu_order":0,"comment_status":"closed","ping_status":"closed","template":"","meta":{"_acf_changed":false,"footnotes":""},"class_list":["post-579","page","type-page","status-publish"],"acf":[],"jetpack_sharing_enabled":true,"_links":{"self":[{"href":"https:\/\/atmarrakech.com\/en\/wp-json\/wp\/v2\/pages\/579","targetHints":{"allow":["GET"]}}],"collection":[{"href":"https:\/\/atmarrakech.com\/en\/wp-json\/wp\/v2\/pages"}],"about":[{"href":"https:\/\/atmarrakech.com\/en\/wp-json\/wp\/v2\/types\/page"}],"author":[{"embeddable":true,"href":"https:\/\/atmarrakech.com\/en\/wp-json\/wp\/v2\/users\/1"}],"replies":[{"embeddable":true,"href":"https:\/\/atmarrakech.com\/en\/wp-json\/wp\/v2\/comments?post=579"}],"version-history":[{"count":4,"href":"https:\/\/atmarrakech.com\/en\/wp-json\/wp\/v2\/pages\/579\/revisions"}],"predecessor-version":[{"id":2096,"href":"https:\/\/atmarrakech.com\/en\/wp-json\/wp\/v2\/pages\/579\/revisions\/2096"}],"wp:attachment":[{"href":"https:\/\/atmarrakech.com\/en\/wp-json\/wp\/v2\/media?parent=579"}],"curies":[{"name":"wp","href":"https:\/\/api.w.org\/{rel}","templated":true}]}}