{"id":1128,"date":"2025-07-24T21:52:46","date_gmt":"2025-07-24T19:52:46","guid":{"rendered":"http:\/\/20.56.168.221\/cancel-appointment\/"},"modified":"2025-10-18T00:14:59","modified_gmt":"2025-10-17T22:14:59","slug":"cancel-appointment","status":"publish","type":"page","link":"https:\/\/atmarrakech.com\/es\/cancel-appointment\/","title":{"rendered":"Rendez-vous annul\u00e9"},"content":{"rendered":"<p>&nbsp;<\/p>\n<div class=\"bpa-front-cancel-module-container\">\n<div class=\"bpa-front-cmc__title\" aria-label=\"Nous sommes d\u00e9sol\u00e9s d'apprendre que vous avez demand\u00e9 l'annulation du rendez-vous.\">Nous sommes d\u00e9sol\u00e9s d&rsquo;apprendre que vous avez demand\u00e9 l&rsquo;annulation du rendez-vous.<\/div>\n<div class=\"bpa-front-cmc__desc\" aria-label=\"Nous avons envoy\u00e9 une notification par e-mail pour annuler un rendez-vous. Veuillez cliquer sur le bouton pour annuler le rendez-vous.\">Nous avons envoy\u00e9 une notification par e-mail pour annuler un rendez-vous. Veuillez cliquer sur le bouton pour annuler le rendez-vous.<\/div>\n<\/div>","protected":false},"excerpt":{"rendered":"<p>&nbsp; Nous sommes d\u00e9sol\u00e9s d&rsquo;apprendre que vous avez demand\u00e9 l&rsquo;annulation du rendez-vous. Nous avons envoy\u00e9 une notification par e-mail pour annuler un rendez-vous. Veuillez cliquer sur le bouton pour annuler le rendez-vous.<\/p>","protected":false},"author":1,"featured_media":0,"parent":0,"menu_order":0,"comment_status":"closed","ping_status":"closed","template":"","meta":{"_acf_changed":false,"footnotes":""},"class_list":["post-1128","page","type-page","status-publish"],"acf":[],"jetpack_sharing_enabled":true,"_links":{"self":[{"href":"https:\/\/atmarrakech.com\/es\/wp-json\/wp\/v2\/pages\/1128","targetHints":{"allow":["GET"]}}],"collection":[{"href":"https:\/\/atmarrakech.com\/es\/wp-json\/wp\/v2\/pages"}],"about":[{"href":"https:\/\/atmarrakech.com\/es\/wp-json\/wp\/v2\/types\/page"}],"author":[{"embeddable":true,"href":"https:\/\/atmarrakech.com\/es\/wp-json\/wp\/v2\/users\/1"}],"replies":[{"embeddable":true,"href":"https:\/\/atmarrakech.com\/es\/wp-json\/wp\/v2\/comments?post=1128"}],"version-history":[{"count":2,"href":"https:\/\/atmarrakech.com\/es\/wp-json\/wp\/v2\/pages\/1128\/revisions"}],"predecessor-version":[{"id":2098,"href":"https:\/\/atmarrakech.com\/es\/wp-json\/wp\/v2\/pages\/1128\/revisions\/2098"}],"wp:attachment":[{"href":"https:\/\/atmarrakech.com\/es\/wp-json\/wp\/v2\/media?parent=1128"}],"curies":[{"name":"wp","href":"https:\/\/api.w.org\/{rel}","templated":true}]}}