{"id":1864,"date":"2025-08-06T12:15:31","date_gmt":"2025-08-06T10:15:31","guid":{"rendered":"http:\/\/20.56.168.221\/?page_id=1864"},"modified":"2025-10-30T22:51:17","modified_gmt":"2025-10-30T21:51:17","slug":"contacto","status":"publish","type":"page","link":"https:\/\/atmarrakech.com\/es\/contactez-nous\/","title":{"rendered":"P\u00f3ngase en contacto con nosotros"},"content":{"rendered":"<div id=\"tdi_1\" class=\"tdc-zone\"><div class=\"tdc_zone tdi_2  wpb_row td-pb-row\"  >\n<style scoped>\n\/* custom css - generated by TagDiv Composer *\/\n\n\/* custom css - generated by TagDiv Composer *\/\n.tdi_2{\r\n                    min-height: 0;\r\n                }\n<\/style><div id=\"tdi_3\" class=\"tdc-row stretch_row_1200 td-stretch-content\"><div class=\"vc_row tdi_4  wpb_row td-pb-row tdc-element-style\" >\n<style scoped>\n\/* custom css - generated by TagDiv Composer *\/\n\n\/* custom css - generated by TagDiv Composer *\/\n.tdi_4,\r\n                .tdi_4 .tdc-columns{\r\n                    min-height: 0;\r\n                }.tdi_4,\r\n\t\t\t\t.tdi_4 .tdc-columns{\r\n\t\t\t\t    display: block;\r\n\t\t\t\t}.tdi_4 .tdc-columns{\r\n\t\t\t\t    width: 100%;\r\n\t\t\t\t}.tdi_4:before,\r\n\t\t\t\t.tdi_4:after{\r\n\t\t\t\t    display: table;\r\n\t\t\t\t}\n\/* inline tdc_css att - generated by TagDiv Composer *\/\n\n.tdi_4{\npadding-top:60px !important;\npadding-bottom:20px !important;\nposition:relative;\n}\n\n.tdi_4 .td_block_wrap{ text-align:left }\n\n\/* landscape *\/\n@media (min-width: 1019px) and (max-width: 1140px)\n{\n.tdi_4{\npadding-top:80px !important;\n}\n}\n\n\/* portrait *\/\n@media (min-width: 768px) and (max-width: 1018px)\n{\n.tdi_4{\npadding-top:60px !important;\npadding-bottom:40px !important;\n}\n}\n\n\/* phone *\/\n@media (max-width: 767px)\n{\n.tdi_4{\npadding-top:60px !important;\npadding-bottom:30px !important;\n}\n}\n\n<\/style>\n<div class=\"tdi_3_rand_style td-element-style\" ><style>\n\/* custom css - generated by TagDiv Composer *\/\n\n.tdi_3_rand_style{\nbackground-color:var(--cs-bg-grey2) !important;\n}\n <\/style><\/div><div class=\"vc_column tdi_6  wpb_column vc_column_container tdc-column td-pb-span12\">\n<style scoped>\n\/* custom css - generated by TagDiv Composer *\/\n\n\/* custom css - generated by TagDiv Composer *\/\n.tdi_6{\r\n                    vertical-align: baseline;\r\n                }.tdi_6 > .wpb_wrapper,\r\n\t\t\t\t.tdi_6 > .wpb_wrapper > .tdc-elements{\r\n\t\t\t\t    display: block;\r\n\t\t\t\t}.tdi_6 > .wpb_wrapper > .tdc-elements{\r\n\t\t\t\t    width: 100%;\r\n\t\t\t\t}.tdi_6 > .wpb_wrapper > .vc_row_inner{\r\n\t\t\t\t    width: auto;\r\n\t\t\t\t}.tdi_6 > .wpb_wrapper{\r\n\t\t\t\t    width: auto;\r\n\t\t\t\t    height: auto;\r\n\t\t\t\t}\n<\/style><div class=\"wpb_wrapper\" ><div class=\"tdm_block td_block_wrap tdm_block_column_title tdi_7 tdm-content-horiz-center td-pb-border-top td_block_template_1\"  data-td-block-uid=\"tdi_7\" >\n<style>\n\n\/* inline tdc_css att - generated by TagDiv Composer *\/\n\n.tdi_7{\nmargin-bottom:10px !important;\n}\n\n\/* phone *\/\n@media (max-width: 767px)\n{\n.tdi_7{\nmargin-bottom:10px !important;\n}\n}\n\n<\/style>\n<style>\n\/* custom css - generated by TagDiv Composer *\/\n.tdm_block_column_title{\r\n                  margin-bottom: 0;\r\n                  display: inline-block;\r\n                  width: 100%;\r\n                }\n<\/style><div class=\"td-block-row\"><div class=\"td-block-span12 tdm-col\">\n<style>\n\/* custom css - generated by TagDiv Composer *\/\nbody .tdi_8 .tdm-title{\r\n\t\t\t\t\tcolor: var(--cs-black);\r\n\t\t\t\t}.tdi_8 .tdm-title{\r\n\t\t\t\t\tfont-family:Poppins !important;font-size:40px !important;line-height:1.2 !important;font-weight:600 !important;\r\n\t\t\t\t}\n\n\/* landscape *\/\n@media (min-width: 1019px) and (max-width: 1140px){\n.tdi_8 .tdm-title{\r\n\t\t\t\t\tfont-size:30px !important;\r\n\t\t\t\t}\n}\n\n\/* portrait *\/\n@media (min-width: 768px) and (max-width: 1018px){\n.tdi_8 .tdm-title{\r\n\t\t\t\t\tfont-size:26px !important;\r\n\t\t\t\t}\n}\n\n\/* phone *\/\n@media (max-width: 767px){\n.tdi_8 .tdm-title{\r\n\t\t\t\t\tfont-size:38px !important;\r\n\t\t\t\t}\n}\n<\/style><div class=\"tds-title tds-title1 td-fix-index tdi_8 \"><h2 class=\"tdm-title tdm-title-sm\">Contactez nous<\/h2><\/div><\/div><\/div><\/div><div class=\"tdm_block td_block_wrap tdm_block_inline_text tdi_9 td-pb-border-top td_block_template_1\"  data-td-block-uid=\"tdi_9\" >\n<style>\n\n\/* inline tdc_css att - generated by TagDiv Composer *\/\n\n.tdi_9{\nmargin-bottom:40px !important;\n}\n\n\/* phone *\/\n@media (max-width: 767px)\n{\n.tdi_9{\nmargin-bottom:30px !important;\n}\n}\n\n<\/style>\n<style>\n\/* custom css - generated by TagDiv Composer *\/\n.tdm_block.tdm_block_inline_text{\r\n                  margin-bottom: 0;\r\n                  vertical-align: top;\r\n                }.tdm_block.tdm_block_inline_text .tdm-descr{\r\n                  margin-bottom: 0;\r\n                  -webkit-transform: translateZ(0);\r\n                  transform: translateZ(0);\r\n                }.tdc-row-content-vert-center .tdm-inline-text-yes{\r\n                  vertical-align: middle;\r\n                }.tdc-row-content-vert-bottom .tdm-inline-text-yes{\r\n                  vertical-align: bottom;\r\n                }.tdi_9{\r\n                    text-align: center !important;\r\n                    margin-right: auto; \r\n                    margin-left: auto;\r\n                }.tdi_9 .tdm-descr{\r\n                    color: var(--cs-black);\r\n                \r\n\t\t\t\t\tfont-family: var(--sans-serif) !important;font-size:18px !important;line-height:1.4 !important;font-weight:300 !important;\r\n\t\t\t\t}\n\n\/* portrait *\/\n@media (min-width: 768px) and (max-width: 1018px){\n.tdi_9 .tdm-descr{\r\n\t\t\t\t\tfont-size:16px !important;\r\n\t\t\t\t}\n}\n\n\/* phone *\/\n@media (max-width: 767px){\n.tdi_9 .tdm-descr{\r\n\t\t\t\t\tfont-size:16px !important;\r\n\t\t\t\t}\n}\n<\/style><p class=\"tdm-descr\">Conseils, r\u00e9servations, m\u00e9dias ou partenariat : notre \u00e9quipe locale vous r\u00e9pond sous 24\u201348h.<\/p><\/div><\/div><\/div><\/div><\/div><div id=\"tdi_10\" class=\"tdc-row\"><div class=\"vc_row tdi_11  wpb_row td-pb-row\" >\n<style scoped>\n\/* custom css - generated by TagDiv Composer *\/\n\n\/* custom css - generated by TagDiv Composer *\/\n.tdi_11,\r\n                .tdi_11 .tdc-columns{\r\n                    min-height: 0;\r\n                }.tdi_11,\r\n\t\t\t\t.tdi_11 .tdc-columns{\r\n\t\t\t\t    display: block;\r\n\t\t\t\t}.tdi_11 .tdc-columns{\r\n\t\t\t\t    width: 100%;\r\n\t\t\t\t}.tdi_11:before,\r\n\t\t\t\t.tdi_11:after{\r\n\t\t\t\t    display: table;\r\n\t\t\t\t}#tdi_10{\r\n\t\t\t\t    max-width: 50% !important;\r\n\t\t\t\t}\n\n\/* phone *\/\n@media (max-width: 767px){\n#tdi_10{\r\n\t\t\t\t    max-width: 100% !important;\r\n\t\t\t\t}\n}\n\/* inline tdc_css att - generated by TagDiv Composer *\/\n\n.tdi_11{\npadding-top:40px !important;\n}\n\n.tdi_11 .td_block_wrap{ text-align:left }\n\n<\/style><div class=\"vc_column tdi_13  wpb_column vc_column_container tdc-column td-pb-span12\">\n<style scoped>\n\/* custom css - generated by TagDiv Composer *\/\n\n\/* custom css - generated by TagDiv Composer *\/\n.tdi_13{\r\n                    vertical-align: baseline;\r\n                }.tdi_13 > .wpb_wrapper,\r\n\t\t\t\t.tdi_13 > .wpb_wrapper > .tdc-elements{\r\n\t\t\t\t    display: block;\r\n\t\t\t\t}.tdi_13 > .wpb_wrapper > .tdc-elements{\r\n\t\t\t\t    width: 100%;\r\n\t\t\t\t}.tdi_13 > .wpb_wrapper > .vc_row_inner{\r\n\t\t\t\t    width: auto;\r\n\t\t\t\t}.tdi_13 > .wpb_wrapper{\r\n\t\t\t\t    width: auto;\r\n\t\t\t\t    height: auto;\r\n\t\t\t\t}\n<\/style><div class=\"wpb_wrapper\" ><div class=\"wpb_wrapper wpb_text_column td_block_wrap td_block_wrap vc_column_text tdi_14  tagdiv-type td-pb-border-top td_block_template_1\"  data-td-block-uid=\"tdi_14\" >\n<style>\n\/* custom css - generated by TagDiv Composer *\/\n.vc_column_text > .td-element-style{\r\n\t\t\t\t\tz-index: -1;\r\n\t\t\t\t}\n<\/style><div class=\"td-fix-index\"><p style=\"text-align: center;\"><div class=\"frm_forms  with_frm_style frm_style_style-formidable\" id=\"frm_form_1_container\" ><form enctype=\"multipart\/form-data\" method=\"post\" class=\"frm-show-form \" id=\"form_contact-form\" ><div class=\"frm_form_fields \"><fieldset><legend class=\"frm_screen_reader\">Contactez nous<\/legend><div class=\"frm_fields_container\"><input type=\"hidden\" name=\"frm_action\" value=\"create\" \/><input type=\"hidden\" name=\"form_id\" value=\"1\" \/><input type=\"hidden\" name=\"frm_hide_fields_1\" id=\"frm_hide_fields_1\" value=\"\" \/><input type=\"hidden\" name=\"form_key\" value=\"contact-form\" \/><input type=\"hidden\" name=\"item_meta[0]\" value=\"\" \/><input type=\"hidden\" id=\"frm_submit_entry_1\" name=\"frm_submit_entry_1\" value=\"f13a13a504\" \/><input type=\"hidden\" name=\"_wp_http_referer\" value=\"\/es\/wp-json\/wp\/v2\/pages\/1864\" \/><div id=\"frm_field_1_container\" class=\"frm_form_field form-field  frm_required_field frm_top_container frm12 frm_first\"><label for=\"field_qh4icy\" id=\"field_qh4icy_label\" class=\"frm_primary_label\">Nom complet<span class=\"frm_required\" aria-hidden=\"true\">*<\/span><\/label><input type=\"text\" id=\"field_qh4icy\" name=\"item_meta[1]\" value=\"\"  data-reqmsg=\"Nom complet ne peut pas \u00eatre vide.\" aria-required=\"true\" data-invmsg=\"Nom complet est non valide\" aria-invalid=\"false\"  \/><\/div><div id=\"frm_field_3_container\" class=\"frm_form_field form-field  frm_required_field frm_top_container frm_full\"><label for=\"field_29yf4d\" id=\"field_29yf4d_label\" class=\"frm_primary_label\">Email<span class=\"frm_required\" aria-hidden=\"true\">*<\/span><\/label><input type=\"email\" id=\"field_29yf4d\" name=\"item_meta[3]\" value=\"\"  data-reqmsg=\"Email ne peut pas \u00eatre vide.\" aria-required=\"true\" data-invmsg=\"Merci d&#039;entrer un format valide\" aria-invalid=\"false\"  \/><\/div><div id=\"frm_field_7_container\" class=\"frm_form_field form-field  frm_required_field frm_top_container vertical_radio\"><div  id=\"field_gokbw_label\" class=\"frm_primary_label\">Raison de contact<span class=\"frm_required\" aria-hidden=\"true\">*<\/span><\/div><div class=\"frm_opt_container\" aria-labelledby=\"field_gokbw_label\" role=\"group\"><div class=\"frm_checkbox\" id=\"frm_checkbox_7-0\"><label  for=\"field_gokbw-0\"><input type=\"checkbox\" name=\"item_meta[7][]\" id=\"field_gokbw-0\" value=\"Informations sur r\u00e9servation\"  data-frmval=\"{&quot;3&quot;:&quot;&quot;}\" data-reqmsg=\"Raison de contact ne peut pas \u00eatre vide.\" data-invmsg=\"Raison de contact est non valide\"   aria-required=\"true\"  \/> Informations sur r\u00e9servation<\/label><\/div><div class=\"frm_checkbox\" id=\"frm_checkbox_7-1\"><label  for=\"field_gokbw-1\"><input type=\"checkbox\" name=\"item_meta[7][]\" id=\"field_gokbw-1\" value=\"Partenariat\"  data-frmval=\"{&quot;3&quot;:&quot;&quot;}\" data-reqmsg=\"Raison de contact ne peut pas \u00eatre vide.\" data-invmsg=\"Raison de contact est non valide\"   \/> Partenariat<\/label><\/div><div class=\"frm_checkbox\" id=\"frm_checkbox_7-3\"><label  for=\"field_gokbw-3\"><input type=\"checkbox\" name=\"item_meta[7][]\" id=\"field_gokbw-3\" value=\"Collaboration\"  data-frmval=\"{&quot;3&quot;:&quot;&quot;}\" data-reqmsg=\"Raison de contact ne peut pas \u00eatre vide.\" data-invmsg=\"Raison de contact est non valide\"   \/> Collaboration<\/label><\/div><div class=\"frm_checkbox\" id=\"frm_checkbox_7-2\"><label  for=\"field_gokbw-2\"><input type=\"checkbox\" name=\"item_meta[7][]\" id=\"field_gokbw-2\" value=\"Signaler un \u00e9tablissement\"  data-frmval=\"{&quot;3&quot;:&quot;&quot;}\" data-reqmsg=\"Raison de contact ne peut pas \u00eatre vide.\" data-invmsg=\"Raison de contact est non valide\"   \/> Signaler un \u00e9tablissement<\/label><\/div><\/div><\/div><div id=\"frm_field_4_container\" class=\"frm_form_field form-field  frm_required_field frm_top_container frm_full\"><label for=\"field_e6lis6\" id=\"field_e6lis6_label\" class=\"frm_primary_label\">Sujet<span class=\"frm_required\" aria-hidden=\"true\">*<\/span><\/label><input type=\"text\" id=\"field_e6lis6\" name=\"item_meta[4]\" value=\"\"  data-reqmsg=\"Sujet ne peut pas \u00eatre vide.\" aria-required=\"true\" data-invmsg=\"Sujet est non valide\" aria-invalid=\"false\"  \/><\/div><div id=\"frm_field_5_container\" class=\"frm_form_field form-field  frm_required_field frm_top_container frm_full\"><label for=\"field_9jv0r1\" id=\"field_9jv0r1_label\" class=\"frm_primary_label\">Message<span class=\"frm_required\" aria-hidden=\"true\">*<\/span><\/label><textarea name=\"item_meta[5]\" id=\"field_9jv0r1\" rows=\"5\"  data-reqmsg=\"Message ne peut pas \u00eatre vide.\" aria-required=\"true\" data-invmsg=\"Message no es v\u00e1lido\" aria-invalid=\"false\"  ><\/textarea><\/div><div id=\"frm_field_6_container\" class=\"frm_form_field form-field \"><div class=\"frm_submit frm_flex\"><button class=\"frm_button_submit\" type=\"submit\"  >Envoyer<\/button><\/div><\/div><input type=\"hidden\" name=\"item_key\" value=\"\" \/><div id=\"frm_field_8_container\"><label for=\"field_jzxve\" >Si eres humano, deja este campo en blanco.<\/label><input  id=\"field_jzxve\" type=\"text\" class=\"frm_form_field form-field frm_verify\" name=\"item_meta[8]\" value=\"\"  \/><\/div><input name=\"frm_state\" type=\"hidden\" value=\"8EonpRZ5c6rra\/E9pfDVrwHCLvx7VMR64bYYBKCiTwU=\" \/><\/div><\/fieldset><\/div><\/form><\/div><\/p>\n<\/div><\/div><\/div><\/div><\/div><\/div><\/div><\/div>","protected":false},"excerpt":{"rendered":"","protected":false},"author":1,"featured_media":0,"parent":0,"menu_order":0,"comment_status":"closed","ping_status":"closed","template":"page-pagebuilder-overlay.php","meta":{"_acf_changed":false,"footnotes":""},"class_list":["post-1864","page","type-page","status-publish"],"acf":[],"jetpack_sharing_enabled":true,"_links":{"self":[{"href":"https:\/\/atmarrakech.com\/es\/wp-json\/wp\/v2\/pages\/1864","targetHints":{"allow":["GET"]}}],"collection":[{"href":"https:\/\/atmarrakech.com\/es\/wp-json\/wp\/v2\/pages"}],"about":[{"href":"https:\/\/atmarrakech.com\/es\/wp-json\/wp\/v2\/types\/page"}],"author":[{"embeddable":true,"href":"https:\/\/atmarrakech.com\/es\/wp-json\/wp\/v2\/users\/1"}],"replies":[{"embeddable":true,"href":"https:\/\/atmarrakech.com\/es\/wp-json\/wp\/v2\/comments?post=1864"}],"version-history":[{"count":13,"href":"https:\/\/atmarrakech.com\/es\/wp-json\/wp\/v2\/pages\/1864\/revisions"}],"predecessor-version":[{"id":2665,"href":"https:\/\/atmarrakech.com\/es\/wp-json\/wp\/v2\/pages\/1864\/revisions\/2665"}],"wp:attachment":[{"href":"https:\/\/atmarrakech.com\/es\/wp-json\/wp\/v2\/media?parent=1864"}],"curies":[{"name":"wp","href":"https:\/\/api.w.org\/{rel}","templated":true}]}}